{"id":5,"date":"2021-11-25T13:35:11","date_gmt":"2021-11-25T13:35:11","guid":{"rendered":"https:\/\/culturalocal.es\/?page_id=5"},"modified":"2024-12-05T18:31:22","modified_gmt":"2024-12-05T18:31:22","slug":"crea-tu-web-con-bloques","status":"publish","type":"page","link":"https:\/\/culturalocal.es\/","title":{"rendered":""},"content":{"rendered":"\t\t<div data-elementor-type=\"wp-page\" data-elementor-id=\"5\" class=\"elementor elementor-5\" data-elementor-settings=\"[]\">\n\t\t\t\t\t\t\t<div class=\"elementor-section-wrap\">\n\t\t\t\t\t\t\t<section class=\"elementor-section elementor-top-section elementor-element elementor-element-d5e847c elementor-section-stretched elementor-section-boxed elementor-section-height-default elementor-section-height-default\" data-id=\"d5e847c\" data-element_type=\"section\" data-settings=\"{&quot;stretch_section&quot;:&quot;section-stretched&quot;}\">\n\t\t\t\t\t\t<div class=\"elementor-container elementor-column-gap-default\">\n\t\t\t\t\t<div class=\"elementor-column elementor-col-100 elementor-top-column elementor-element elementor-element-db4c77d\" data-id=\"db4c77d\" data-element_type=\"column\">\n\t\t\t<div class=\"elementor-widget-wrap elementor-element-populated\">\n\t\t\t\t\t\t\t\t<div class=\"elementor-element elementor-element-8f9ef90 elementor-widget elementor-widget-heading\" data-id=\"8f9ef90\" data-element_type=\"widget\" data-widget_type=\"heading.default\">\n\t\t\t\t<div class=\"elementor-widget-container\">\n\t\t\t<style>\/*! elementor - v3.5.3 - 28-12-2021 *\/\n.elementor-heading-title{padding:0;margin:0;line-height:1}.elementor-widget-heading .elementor-heading-title[class*=elementor-size-]>a{color:inherit;font-size:inherit;line-height:inherit}.elementor-widget-heading .elementor-heading-title.elementor-size-small{font-size:15px}.elementor-widget-heading .elementor-heading-title.elementor-size-medium{font-size:19px}.elementor-widget-heading .elementor-heading-title.elementor-size-large{font-size:29px}.elementor-widget-heading .elementor-heading-title.elementor-size-xl{font-size:39px}.elementor-widget-heading .elementor-heading-title.elementor-size-xxl{font-size:59px}<\/style><h2 class=\"elementor-heading-title elementor-size-default\">La cultura musical y su importancia<\/h2>\t\t<\/div>\n\t\t\t\t<\/div>\n\t\t\t\t\t<\/div>\n\t\t<\/div>\n\t\t\t\t\t\t\t<\/div>\n\t\t<\/section>\n\t\t\t\t<section class=\"elementor-section elementor-top-section elementor-element elementor-element-2440419 elementor-section-boxed elementor-section-height-default elementor-section-height-default\" data-id=\"2440419\" data-element_type=\"section\">\n\t\t\t\t\t\t<div class=\"elementor-container elementor-column-gap-default\">\n\t\t\t\t\t<div class=\"elementor-column elementor-col-100 elementor-top-column elementor-element elementor-element-cf51f1d\" data-id=\"cf51f1d\" data-element_type=\"column\">\n\t\t\t<div class=\"elementor-widget-wrap elementor-element-populated\">\n\t\t\t\t\t\t\t\t<div class=\"elementor-element elementor-element-ab53e88 elementor-widget elementor-widget-image\" data-id=\"ab53e88\" data-element_type=\"widget\" data-widget_type=\"image.default\">\n\t\t\t\t<div class=\"elementor-widget-container\">\n\t\t\t<style>\/*! elementor - v3.5.3 - 28-12-2021 *\/\n.elementor-widget-image{text-align:center}.elementor-widget-image a{display:inline-block}.elementor-widget-image a img[src$=\".svg\"]{width:48px}.elementor-widget-image img{vertical-align:middle;display:inline-block}<\/style>\t\t\t\t\t\t\t\t\t\t\t\t<img loading=\"lazy\" decoding=\"async\" width=\"1024\" height=\"683\" src=\"https:\/\/culturalocal.es\/wp-content\/uploads\/2021\/12\/cul1-1-1-1-1-1-1-1-1024x683.jpg\" class=\"attachment-large size-large\" alt=\"cultura musical\" srcset=\"https:\/\/culturalocal.es\/wp-content\/uploads\/2021\/12\/cul1-1-1-1-1-1-1-1-1024x683.jpg 1024w, https:\/\/culturalocal.es\/wp-content\/uploads\/2021\/12\/cul1-1-1-1-1-1-1-1-300x200.jpg 300w, https:\/\/culturalocal.es\/wp-content\/uploads\/2021\/12\/cul1-1-1-1-1-1-1-1-768x512.jpg 768w, https:\/\/culturalocal.es\/wp-content\/uploads\/2021\/12\/cul1-1-1-1-1-1-1-1.jpg 1350w\" sizes=\"auto, (max-width: 1024px) 100vw, 1024px\" \/>\t\t\t\t\t\t\t\t\t\t\t\t\t\t\t<\/div>\n\t\t\t\t<\/div>\n\t\t\t\t\t<\/div>\n\t\t<\/div>\n\t\t\t\t\t\t\t<\/div>\n\t\t<\/section>\n\t\t\t\t<section class=\"elementor-section elementor-top-section elementor-element elementor-element-eb80f22 elementor-section-stretched elementor-section-boxed elementor-section-height-default elementor-section-height-default\" data-id=\"eb80f22\" data-element_type=\"section\" data-settings=\"{&quot;stretch_section&quot;:&quot;section-stretched&quot;}\">\n\t\t\t\t\t\t<div class=\"elementor-container elementor-column-gap-default\">\n\t\t\t\t\t<div class=\"elementor-column elementor-col-100 elementor-top-column elementor-element elementor-element-07585fd\" data-id=\"07585fd\" data-element_type=\"column\">\n\t\t\t<div class=\"elementor-widget-wrap elementor-element-populated\">\n\t\t\t\t\t\t\t\t<div class=\"elementor-element elementor-element-61b5e91 elementor-widget elementor-widget-text-editor\" data-id=\"61b5e91\" data-element_type=\"widget\" data-widget_type=\"text-editor.default\">\n\t\t\t\t<div class=\"elementor-widget-container\">\n\t\t\t<style>\/*! elementor - v3.5.3 - 28-12-2021 *\/\n.elementor-widget-text-editor.elementor-drop-cap-view-stacked .elementor-drop-cap{background-color:#818a91;color:#fff}.elementor-widget-text-editor.elementor-drop-cap-view-framed .elementor-drop-cap{color:#818a91;border:3px solid;background-color:transparent}.elementor-widget-text-editor:not(.elementor-drop-cap-view-default) .elementor-drop-cap{margin-top:8px}.elementor-widget-text-editor:not(.elementor-drop-cap-view-default) .elementor-drop-cap-letter{width:1em;height:1em}.elementor-widget-text-editor .elementor-drop-cap{float:left;text-align:center;line-height:1;font-size:50px}.elementor-widget-text-editor .elementor-drop-cap-letter{display:inline-block}<\/style>\t\t\t\t<p>Cada pa\u00eds y cada zona del planeta tienen su propia cultura y en ella va impl\u00edcita la <strong>cultura musical<\/strong> de cada pueblo. Seg\u00fan la regi\u00f3n y el pa\u00eds esta se va diferenciando, pero es un lazo \u00fanico de comunicaci\u00f3n entre pueblos y tambi\u00e9n de disfrute.<\/p><p>En ese sentido entendemos por cultura a todos los conocimientos y costumbres que distinguen a los pueblos, clases sociales y \u00e9pocas. En cuanto a la m\u00fasica, es la combinaci\u00f3n de sonidos que llevan una secuencia y atendiendo a ciertas leyes de armon\u00eda, ritmo y melod\u00eda.<\/p><p>Por lo tanto, cuando hablamos de cultura musical, nos referimos a englobar g\u00e9neros musicales, cada uno con sus propios rasgos. Dichos rasgos vienen definidos por las personas que oyen estos g\u00e9neros, incluyendo su forma de vestir y personalidad.<\/p><p>M\u00e1s concretamente, es poseer un buen conocimiento de las manifestaciones musicales en todas sus \u00e9pocas, identificando autores, ritmos e instrumentos.<\/p><h2>Antecedentes de la cultura musical<\/h2><p>Se sabe que la m\u00fasica data de hace 50 mil a\u00f1os, es decir, en la era prehist\u00f3rica ya hab\u00eda cierta <strong>cultura musical<\/strong> por dos se\u00f1ales bien definidas. Movimiento o cadencia, y sonido, que hac\u00edan la distinci\u00f3n entre la vida y la muerte.<\/p><p>La lira y el arpa, instrumentos de cuerda por excelencia ya exist\u00edan hace m\u00e1s de tres mil a\u00f1os. En cada \u00e9poca y en cada siglo la m\u00fasica ha pasado por muchas actualizaciones y evoluciones. Igualmente en cuanto a instrumentos y formas de manifestaci\u00f3n y ejecuci\u00f3n.<\/p><h2>G\u00e9neros musicales<\/h2><p>Se puede decir que hay decenas de g\u00e9neros, cada uno con caracter\u00edsticas muy particulares. Revisemos los m\u00e1s populares.<\/p><h3>1. Rock and Roll<\/h3><p>Se hace presente en la d\u00e9cada de los \u201950 en los Estados Unidos con un estilo bien definido y cuyos antecedentes se encuentran en el blues y en los lejanos a\u00f1os \u201920. Se hizo muy popular en la sociedad norteamericana gracias a Elvis Presley, caracteriz\u00e1ndose por apoyarse en la guitarra el\u00e9ctrica, la bater\u00eda y el bajo.<\/p><p>Utilizan la potencia sonora al m\u00e1ximo y el ritmo es muy acentuado, la estructura de las canciones se divide en esquema estrofa\/coro acompa\u00f1ada de improvisaciones.<\/p><h3>2. Pop<\/h3><p>Tiene tambi\u00e9n su origen en los \u201850 y su denominaci\u00f3n es la expresi\u00f3n corta de \u2018popular music\u2019. Se nutre de diversos estilos y g\u00e9neros y es creada con estrictos fines comerciales.<\/p><p>Emplea los mismos instrumentos originales del rock and roll agreg\u00e1ndoles teclados y sintetizadores. Las canciones son mel\u00f3dicas estructuradas en estrofa\/estribillo.<\/p><h3>3. Electr\u00f3nica<\/h3><p>Es la producida con el uso de tecnolog\u00eda e instrumentos netamente electr\u00f3nicos.<\/p><h3>4. Rap<\/h3><p>Se vale principalmente de la voz y es ejecutado por un Dj o Disc-jockey que es quien coloca la m\u00fasica, y eventualmente habla sobre la pista mientras suena. Lo acompa\u00f1a un MC o maestro de ceremonias que es quien anima el evento y rapea o habla cantando sobre la pista que el DJ coloca.<\/p><h3>5. Jazz<\/h3><p>Nace finalizando el siglo XIX en las poblaciones negras de Norteam\u00e9rica con canciones netamente instrumentales. Los m\u00fasicos improvisan sobre los acordes y los ritmos diversas melod\u00edas, intervienen repetidamente y la s\u00edncopa es usada frecuentemente.<\/p>\t\t\t\t\t\t<\/div>\n\t\t\t\t<\/div>\n\t\t\t\t\t<\/div>\n\t\t<\/div>\n\t\t\t\t\t\t\t<\/div>\n\t\t<\/section>\n\t\t\t\t<section class=\"elementor-section elementor-top-section elementor-element elementor-element-6bbcbe1 elementor-section-boxed elementor-section-height-default elementor-section-height-default\" data-id=\"6bbcbe1\" data-element_type=\"section\">\n\t\t\t\t\t\t<div class=\"elementor-container elementor-column-gap-default\">\n\t\t\t\t\t<div class=\"elementor-column elementor-col-100 elementor-top-column elementor-element elementor-element-ba5b4b6\" data-id=\"ba5b4b6\" data-element_type=\"column\">\n\t\t\t<div class=\"elementor-widget-wrap elementor-element-populated\">\n\t\t\t\t\t\t\t\t<div class=\"elementor-element elementor-element-3c737fd elementor-widget elementor-widget-image\" data-id=\"3c737fd\" data-element_type=\"widget\" data-widget_type=\"image.default\">\n\t\t\t\t<div class=\"elementor-widget-container\">\n\t\t\t\t\t\t\t\t\t\t\t\t\t\t\t<img loading=\"lazy\" decoding=\"async\" width=\"1024\" height=\"683\" src=\"https:\/\/culturalocal.es\/wp-content\/uploads\/2021\/12\/cul2-1-1024x683.jpg\" class=\"attachment-large size-large\" alt=\"\" srcset=\"https:\/\/culturalocal.es\/wp-content\/uploads\/2021\/12\/cul2-1-1024x683.jpg 1024w, https:\/\/culturalocal.es\/wp-content\/uploads\/2021\/12\/cul2-1-300x200.jpg 300w, https:\/\/culturalocal.es\/wp-content\/uploads\/2021\/12\/cul2-1-768x512.jpg 768w, https:\/\/culturalocal.es\/wp-content\/uploads\/2021\/12\/cul2-1.jpg 1350w\" sizes=\"auto, (max-width: 1024px) 100vw, 1024px\" \/>\t\t\t\t\t\t\t\t\t\t\t\t\t\t\t<\/div>\n\t\t\t\t<\/div>\n\t\t\t\t\t<\/div>\n\t\t<\/div>\n\t\t\t\t\t\t\t<\/div>\n\t\t<\/section>\n\t\t\t\t<section class=\"elementor-section elementor-top-section elementor-element elementor-element-a7e5958 elementor-section-stretched elementor-section-boxed elementor-section-height-default elementor-section-height-default\" data-id=\"a7e5958\" data-element_type=\"section\" data-settings=\"{&quot;stretch_section&quot;:&quot;section-stretched&quot;}\">\n\t\t\t\t\t\t<div class=\"elementor-container elementor-column-gap-default\">\n\t\t\t\t\t<div class=\"elementor-column elementor-col-100 elementor-top-column elementor-element elementor-element-9e40472\" data-id=\"9e40472\" data-element_type=\"column\">\n\t\t\t<div class=\"elementor-widget-wrap elementor-element-populated\">\n\t\t\t\t\t\t\t\t<div class=\"elementor-element elementor-element-dee9d1c elementor-widget elementor-widget-text-editor\" data-id=\"dee9d1c\" data-element_type=\"widget\" data-widget_type=\"text-editor.default\">\n\t\t\t\t<div class=\"elementor-widget-container\">\n\t\t\t\t\t\t\t<h3>6. Salsa<\/h3><p>G\u00e9nero que naci\u00f3 en Nueva York de la mano de inmigrantes llegados de pa\u00edses latinoamericanos que crearon mezclas de ritmos latinos con jazz y mucha percusi\u00f3n. Mambo y Cha-Cha-Ch\u00e1 son g\u00e9neros de los que tambi\u00e9n se nutri\u00f3 la salsa para llegar a lo que es hoy.<\/p><p>Es una mezcla de son cubano con otros ritmos afrocaribe\u00f1os y que se convirti\u00f3 en el baile social por excelencia de las comunidades latinas.<\/p><h3>7. Cumbia<\/h3><p>G\u00e9nero musical y baile folcl\u00f3rico que forma parte de la <strong>cultura musical en Colombia<\/strong>, originario de las costas caribe\u00f1as durante la colonia. Como composici\u00f3n musical tiene un ritmo moderado con comp\u00e1s de 2 por 4.<\/p><h3>8. M\u00fasica ranchera<\/h3><p>En M\u00e9xico es un g\u00e9nero popular cuyo nombre deriva de los ranchos donde originalmente se interpretaba, siendo una manifestaci\u00f3n netamente rural. Luego de la revoluci\u00f3n mexicana la <strong>m\u00fasica ranchera<\/strong> se extendi\u00f3 a las zonas urbanas con un gran sentido nacionalista.<\/p><h2>Los mariachis<\/h2><p>A los cantantes originales se les llam\u00f3 mariachis y usaban la vestimenta tradicional que consta de chaqueta corta y pantalones ce\u00f1idos de color negro. Traje que han usado tambi\u00e9n grandes int\u00e9rpretes y compositores mexicanos, entre ellos Jos\u00e9 Alfredo Jim\u00e9nez, Alberto Aguilera (Juan Gabriel), Joan Sebasti\u00e1n, Vicente Fern\u00e1ndez y tantos otros, con el paso el tiempo estos trajes han sido modificados d\u00e1ndole un aspecto mas moderno como lo hace el <a href=\"https:\/\/www.mariachisbogota.co\/\"><strong>Mariachi Bogot\u00e1<\/strong><\/a>, quienes son m\u00fasicos J\u00f3venes y fusionan la m\u00fasica mexicana con con diferentes g\u00e9neros como la salsa y el reggaeton.<\/p>\t\t\t\t\t\t<\/div>\n\t\t\t\t<\/div>\n\t\t\t\t\t<\/div>\n\t\t<\/div>\n\t\t\t\t\t\t\t<\/div>\n\t\t<\/section>\n\t\t\t\t<section class=\"elementor-section elementor-top-section elementor-element elementor-element-fe338d7 elementor-section-boxed elementor-section-height-default elementor-section-height-default\" data-id=\"fe338d7\" data-element_type=\"section\">\n\t\t\t\t\t\t<div class=\"elementor-container elementor-column-gap-default\">\n\t\t\t\t\t<div class=\"elementor-column elementor-col-100 elementor-top-column elementor-element elementor-element-9127a16\" data-id=\"9127a16\" data-element_type=\"column\">\n\t\t\t<div class=\"elementor-widget-wrap elementor-element-populated\">\n\t\t\t\t\t\t\t\t<div class=\"elementor-element elementor-element-8bf3d5c elementor-widget elementor-widget-image\" data-id=\"8bf3d5c\" data-element_type=\"widget\" data-widget_type=\"image.default\">\n\t\t\t\t<div class=\"elementor-widget-container\">\n\t\t\t\t\t\t\t\t\t\t\t\t\t\t\t<img loading=\"lazy\" decoding=\"async\" width=\"1024\" height=\"678\" src=\"https:\/\/culturalocal.es\/wp-content\/uploads\/2021\/12\/cul3-1024x678.jpg\" class=\"attachment-large size-large\" alt=\"\" srcset=\"https:\/\/culturalocal.es\/wp-content\/uploads\/2021\/12\/cul3-1024x678.jpg 1024w, https:\/\/culturalocal.es\/wp-content\/uploads\/2021\/12\/cul3-300x199.jpg 300w, https:\/\/culturalocal.es\/wp-content\/uploads\/2021\/12\/cul3-768x509.jpg 768w, https:\/\/culturalocal.es\/wp-content\/uploads\/2021\/12\/cul3.jpg 1350w\" sizes=\"auto, (max-width: 1024px) 100vw, 1024px\" \/>\t\t\t\t\t\t\t\t\t\t\t\t\t\t\t<\/div>\n\t\t\t\t<\/div>\n\t\t\t\t\t<\/div>\n\t\t<\/div>\n\t\t\t\t\t\t\t<\/div>\n\t\t<\/section>\n\t\t\t\t<section class=\"elementor-section elementor-top-section elementor-element elementor-element-1466581 elementor-section-stretched elementor-section-boxed elementor-section-height-default elementor-section-height-default\" data-id=\"1466581\" data-element_type=\"section\" data-settings=\"{&quot;stretch_section&quot;:&quot;section-stretched&quot;}\">\n\t\t\t\t\t\t<div class=\"elementor-container elementor-column-gap-default\">\n\t\t\t\t\t<div class=\"elementor-column elementor-col-100 elementor-top-column elementor-element elementor-element-bae8a04\" data-id=\"bae8a04\" data-element_type=\"column\">\n\t\t\t<div class=\"elementor-widget-wrap elementor-element-populated\">\n\t\t\t\t\t\t\t\t<div class=\"elementor-element elementor-element-2c62770 elementor-widget elementor-widget-text-editor\" data-id=\"2c62770\" data-element_type=\"widget\" data-widget_type=\"text-editor.default\">\n\t\t\t\t<div class=\"elementor-widget-container\">\n\t\t\t\t\t\t\t<h2>Lo positivo<\/h2><p>La <strong>cultura musical<\/strong> y su veh\u00edculo, la m\u00fasica, en sus diferentes manifestaciones, es un lazo de uni\u00f3n entre los pueblos. Su importancia radica en que:<\/p><ul><li>Est\u00e1 presente en toda clase de celebraci\u00f3n, dejando salir la alegr\u00eda de cada quien.<\/li><li>Le permite a cada m\u00fasico expresar sus sentimientos, con los cuales los oyentes siempre se sienten identificados.<\/li><li>Anima al ser humano a bailar, mostrando a trav\u00e9s del baile, la danza y el movimiento su estado de \u00e1nimo.<\/li><li>Siempre est\u00e1 evolucionando, manteniendo al artista en constante aprendizaje y adaptaci\u00f3n al tiempo que le toca vivir.<\/li><li>Es una forma de arte que hace que los individuos creativos encuentren una forma de expresi\u00f3n que pueda ser compartida. Es adem\u00e1s una forma de relacionarse con las personas que se identifican con sus obras.<\/li><li>Tiene un toque de intimidad que permite al artista transmitir un mensaje o sentimiento que tal vez no pueda expresar mediante palabras.<\/li><li>Las personas con dificultad para comunicarse con sus semejantes encuentran en la m\u00fasica una forma de hacerlo, bien sea con una canci\u00f3n o un poema, dejando atr\u00e1s el miedo.<\/li><\/ul><h2>Una buena idea<\/h2><p>Si us\u00e1ramos la m\u00fasica como recurso did\u00e1ctico en las escuelas fortaleceremos la <strong>cultura musical<\/strong> y fomentaremos la educaci\u00f3n vocal y auditiva, siendo un importante factor de identidad. As\u00ed, desde peque\u00f1o, el individuo entrar\u00eda en contacto con su entorno m\u00e1s cercano y con otras culturas, enriqueci\u00e9ndose como persona.<\/p><p>Este tipo de manifestaciones promueve la creatividad en las artes enriqueciendo a la vez el acervo cultural de un pa\u00eds. Apreciemos la m\u00fasica y hagamos de ella una leg\u00edtima forma de expresi\u00f3n que pueda ser transmitida de naci\u00f3n en naci\u00f3n para hermanarnos.<\/p><p>A la vez que se elevan los m\u00e1s nobles sentimientos, es una forma de divertirse sanamente y pasarla bien.<\/p><p>\u00a0<\/p><p>\u00a0<\/p><p>\u00a0<\/p><p>\u00a0<\/p>\t\t\t\t\t\t<\/div>\n\t\t\t\t<\/div>\n\t\t\t\t\t<\/div>\n\t\t<\/div>\n\t\t\t\t\t\t\t<\/div>\n\t\t<\/section>\n\t\t\t\t\t\t<\/div>\n\t\t\t\t\t<\/div>\n\t\t","protected":false},"excerpt":{"rendered":"<p>La cultura musical y su importancia Cada pa\u00eds y cada zona del planeta tienen su propia cultura y en ella va impl\u00edcita la cultura musical de cada pueblo. Seg\u00fan la regi\u00f3n y el pa\u00eds esta se va diferenciando, pero es un lazo \u00fanico de comunicaci\u00f3n entre pueblos y tambi\u00e9n de disfrute. En ese sentido entendemos &#8230; <a title=\"\" class=\"read-more\" href=\"https:\/\/culturalocal.es\/\" aria-label=\"M\u00e1s en \">Leer m\u00e1s<\/a><\/p>\n","protected":false},"author":1,"featured_media":0,"parent":0,"menu_order":0,"comment_status":"closed","ping_status":"closed","template":"","meta":{"footnotes":""},"class_list":["post-5","page","type-page","status-publish"],"_links":{"self":[{"href":"https:\/\/culturalocal.es\/index.php\/wp-json\/wp\/v2\/pages\/5","targetHints":{"allow":["GET"]}}],"collection":[{"href":"https:\/\/culturalocal.es\/index.php\/wp-json\/wp\/v2\/pages"}],"about":[{"href":"https:\/\/culturalocal.es\/index.php\/wp-json\/wp\/v2\/types\/page"}],"author":[{"embeddable":true,"href":"https:\/\/culturalocal.es\/index.php\/wp-json\/wp\/v2\/users\/1"}],"replies":[{"embeddable":true,"href":"https:\/\/culturalocal.es\/index.php\/wp-json\/wp\/v2\/comments?post=5"}],"version-history":[{"count":67,"href":"https:\/\/culturalocal.es\/index.php\/wp-json\/wp\/v2\/pages\/5\/revisions"}],"predecessor-version":[{"id":150,"href":"https:\/\/culturalocal.es\/index.php\/wp-json\/wp\/v2\/pages\/5\/revisions\/150"}],"wp:attachment":[{"href":"https:\/\/culturalocal.es\/index.php\/wp-json\/wp\/v2\/media?parent=5"}],"curies":[{"name":"wp","href":"https:\/\/api.w.org\/{rel}","templated":true}]}}